{"id":10,"date":"2016-01-18T17:56:07","date_gmt":"2016-01-18T16:56:07","guid":{"rendered":"http:\/\/usomcyclo.fr\/?page_id=10"},"modified":"2026-04-02T08:04:50","modified_gmt":"2026-04-02T07:04:50","slug":"parcours","status":"publish","type":"page","link":"https:\/\/usomcyclo.fr\/index.php\/parcours\/","title":{"rendered":"Parcours Route"},"content":{"rendered":"<p><img loading=\"lazy\" decoding=\"async\" class=\"alignnone  wp-image-5916\" src=\"https:\/\/usomcyclo.fr\/wp-content\/uploads\/2026\/04\/AVRIL-2026-212x300.jpg\" alt=\"\" width=\"887\" height=\"1255\" srcset=\"https:\/\/usomcyclo.fr\/wp-content\/uploads\/2026\/04\/AVRIL-2026-212x300.jpg 212w, https:\/\/usomcyclo.fr\/wp-content\/uploads\/2026\/04\/AVRIL-2026-724x1024.jpg 724w, https:\/\/usomcyclo.fr\/wp-content\/uploads\/2026\/04\/AVRIL-2026-768x1086.jpg 768w, https:\/\/usomcyclo.fr\/wp-content\/uploads\/2026\/04\/AVRIL-2026-1086x1536.jpg 1086w, https:\/\/usomcyclo.fr\/wp-content\/uploads\/2026\/04\/AVRIL-2026-750x1061.jpg 750w, https:\/\/usomcyclo.fr\/wp-content\/uploads\/2026\/04\/AVRIL-2026.jpg 1240w\" sizes=\"auto, (max-width: 887px) 100vw, 887px\" \/><\/p>\n<p><span style=\"font-family: georgia,palatino,serif; font-size: 14pt;\">PARCOURS A <span style=\"font-size: 10pt;\">pdf<\/span><\/span><\/p>\n<p><a href=\"https:\/\/usomcyclo.fr\/wp-content\/uploads\/2016\/01\/A1-Les-For\u00eats-Grimb.Cinglais-2011.pdf\">A1 Les For\u00eats Grimb.&amp;Cinglais 2011<\/a><\/p>\n<p><a href=\"https:\/\/usomcyclo.fr\/wp-content\/uploads\/2016\/01\/A2-La-Vall\u00e9e-de-la-Mue-le-Bessin-2011.pdf\">A2 La Vall\u00e9e de la Mue &amp; le Bessin 2011<\/a><\/p>\n<p><a href=\"https:\/\/usomcyclo.fr\/wp-content\/uploads\/2016\/01\/A3-La-C\u00f4te-de-Nacre-2011.pdf\">A3 La C\u00f4te de Nacre 2011<\/a><\/p>\n<p><a href=\"https:\/\/usomcyclo.fr\/wp-content\/uploads\/2016\/01\/A4-Les-2-boucles-vers-Bois-Halbout-2011.pdf\">A4 Les 2 boucles vers Bois Halbout 2011<\/a><\/p>\n<p><a href=\"https:\/\/usomcyclo.fr\/wp-content\/uploads\/2016\/01\/A5-Entre-lOrne-l-Odon-2011.pdf\">A5 Entre l&rsquo;Orne &amp; l&rsquo; Odon 2011<\/a><\/p>\n<p><a href=\"https:\/\/usomcyclo.fr\/wp-content\/uploads\/2016\/01\/A6-La-Vierge-Noire-et-le-Bessin-2011.pdf\">A6 La Vierge Noire et le Bessin 2011<\/a><\/p>\n<p><a href=\"https:\/\/usomcyclo.fr\/wp-content\/uploads\/2016\/01\/A7-De-Garcelles-\u00e0-la-Baie-de-lOrne-2011.pdf\">A7 De Garcelles \u00e0 la Baie de l&rsquo;Orne 2011<\/a><\/p>\n<p><a href=\"https:\/\/usomcyclo.fr\/wp-content\/uploads\/2016\/01\/A8-Les-Marais-2011.pdf\">A8 Les Marais 2011<\/a><\/p>\n<p><a href=\"https:\/\/usomcyclo.fr\/wp-content\/uploads\/2016\/01\/A9-La-C\u00f4te-Fleurie-Sarlabot-2011.pdf\">A9 La C\u00f4te Fleurie &amp; Sarlabot 2011<\/a><\/p>\n<p><a href=\"https:\/\/usomcyclo.fr\/wp-content\/uploads\/2017\/01\/A10-BLAINVILLE-THAON-CHEUX-LOUVIGNY-63-kms.pdf\">A10 BLAINVILLE THAON CHEUX LOUVIGNY 63 kms<\/a><\/p>\n<p><a href=\"https:\/\/usomcyclo.fr\/wp-content\/uploads\/2018\/03\/A11-ENTRE-MER-ET-TERRE.pdf\">A11 ENTRE MER ET TERRE<\/a><\/p>\n<p><span style=\"font-family: georgia,palatino,serif; font-size: 14pt;\">PARCOURS B<span style=\"font-size: 10pt;\"> pdf<\/span><\/span><\/p>\n<p><a href=\"https:\/\/usomcyclo.fr\/wp-content\/uploads\/2016\/01\/B1-La-Muance-et-le-Laizon-2011.pdf\">B1 La Muance et le Laizon 2011<\/a><\/p>\n<p><a href=\"https:\/\/usomcyclo.fr\/wp-content\/uploads\/2016\/01\/B2-La-C\u00f4te-de-Nacre-Arromanches-2011.pdf\">B2 La C\u00f4te de Nacre Arromanches 2011<\/a><\/p>\n<p><a href=\"https:\/\/usomcyclo.fr\/wp-content\/uploads\/2016\/01\/B3-Le-Pays-de-Falaise-2011.pdf\">B3 Le Pays de Falaise 2011<\/a><\/p>\n<p><a href=\"https:\/\/usomcyclo.fr\/wp-content\/uploads\/2016\/01\/B4-Le-Grand-Tour-de-Caen-2011.pdf\">B4 Le Grand Tour de Caen 2011<\/a><\/p>\n<p><a href=\"https:\/\/usomcyclo.fr\/wp-content\/uploads\/2016\/01\/B5-Vers-les-Mines-de-Potigny-2011.pdf\">B5 Vers les Mines de Potigny 2011<\/a><\/p>\n<p><a href=\"https:\/\/usomcyclo.fr\/wp-content\/uploads\/2016\/01\/B6-Le-Bessin-2011.pdf\">B6 Le Bessin 2011<\/a><\/p>\n<p><a href=\"https:\/\/usomcyclo.fr\/wp-content\/uploads\/2016\/01\/B7-La-Baie-de-lOrne-Sarlabot-Annebault-2011.pdf\">B7 La Baie de l&rsquo;Orne Sarlabot Annebault 2011<\/a><\/p>\n<p><a href=\"https:\/\/usomcyclo.fr\/wp-content\/uploads\/2016\/01\/B8-Le-Pays-dAuge-par-M\u00e9zidon-2011.pdf\">B8 Le Pays d&rsquo;Auge par M\u00e9zidon 2011<\/a><\/p>\n<p><a href=\"https:\/\/usomcyclo.fr\/wp-content\/uploads\/2016\/01\/B9-Le-Bessin-et-la-C\u00f4te-de-Nacre-2011.pdf\">B9 Le Bessin et la C\u00f4te de Nacre 2011<\/a><\/p>\n<p><a href=\"https:\/\/usomcyclo.fr\/wp-content\/uploads\/2016\/01\/B20-COURSEULLES-PAR-LES-TERRES-2016.pdf\">B20 COURSEULLES PAR LES TERRES 2016<\/a><\/p>\n<p><a href=\"https:\/\/usomcyclo.fr\/wp-content\/uploads\/2016\/01\/B30-Le-Pays-de-Potigny-2016.pdf\">B30 Le Pays de Potigny 2016<\/a><\/p>\n<p><a href=\"https:\/\/usomcyclo.fr\/wp-content\/uploads\/2019\/04\/USOM-B40-NEW.pdf\">USOM B40 NEW<\/a><\/p>\n<p><a href=\"https:\/\/usomcyclo.fr\/wp-content\/uploads\/2019\/04\/USOM-B50-NEW.pdf\">USOM B50 NEW<\/a><\/p>\n<p><a href=\"https:\/\/usomcyclo.fr\/wp-content\/uploads\/2016\/01\/B60-LE-PAYS-DE-BENY-SUR-MER-2016.pdf\">B60 LE PAYS DE BENY SUR MER 2016<\/a><\/p>\n<p><a href=\"https:\/\/usomcyclo.fr\/wp-content\/uploads\/2019\/04\/USOM-B70-NEW.pdf\">USOM B70 NEW<\/a><\/p>\n<p><a href=\"https:\/\/usomcyclo.fr\/wp-content\/uploads\/2016\/01\/B80-LE-PAYS-DE-PUTOT-EN-AUBE-2016.pdf\">B80 LE PAYS DE PUTOT EN AUBE 2016<\/a><\/p>\n<p><a href=\"https:\/\/usomcyclo.fr\/wp-content\/uploads\/2017\/04\/B90-LE-PAYS-DE-HOTOT-EN-AUGE-2016.pdf\">B90 LE PAYS DE HOTOT EN AUGE 2016<\/a><\/p>\n<p><span style=\"font-family: georgia,palatino,serif; font-size: 14pt;\">PARCOURS C<span style=\"font-size: 10pt;\"> pdf<br \/><\/span><\/span><\/p>\n<p><a href=\"https:\/\/usomcyclo.fr\/wp-content\/uploads\/2016\/01\/C1-Les-Forges-par-Dozul\u00e9-2011.pdf\">C1 Les Forges par Dozul\u00e9 2011<\/a><\/p>\n<p><a href=\"https:\/\/usomcyclo.fr\/wp-content\/uploads\/2016\/01\/C2-De-la-Laize-\u00e0-lOdon-2011.pdf\">C2 De la Laize \u00e0 l&rsquo;Odon 2011<\/a><\/p>\n<p><a href=\"https:\/\/usomcyclo.fr\/wp-content\/uploads\/2016\/01\/C3-Dozul\u00e9-Angoville-Sarlabot-2011.pdf\">C3 Dozul\u00e9 Angoville Sarlabot 2011<\/a><\/p>\n<p><a href=\"https:\/\/usomcyclo.fr\/wp-content\/uploads\/2016\/01\/C4-La-Suisse-Normande-par-St-Omer-2011.pdf\">C4 La Suisse Normande par St Omer 2011<\/a><\/p>\n<p><a href=\"https:\/\/usomcyclo.fr\/wp-content\/uploads\/2016\/01\/C5-Le-Mont-Pin\u00e7on-par-la-Vall\u00e9e-de-lOdon-2011.pdf\">C5 Le Mont Pin\u00e7on par la Vall\u00e9e de l&rsquo;Odon 2011<\/a><\/p>\n<p><a href=\"https:\/\/usomcyclo.fr\/wp-content\/uploads\/2016\/01\/C6-Clermont-Cricqueville-Grangues-2011.pdf\">C6 Clermont Cricqueville Grangues 2011<\/a><\/p>\n<p><a href=\"https:\/\/usomcyclo.fr\/wp-content\/uploads\/2016\/01\/C7-Le-Bocage-par-Villers-Bocage-2011.pdf\">C7 Le Bocage par Villers Bocage 2011<\/a><\/p>\n<p><a href=\"https:\/\/usomcyclo.fr\/wp-content\/uploads\/2016\/01\/C8-Le-Pont-du-Coudray-Trois-Monts-Hamars-2011.pdf\">C8 Le Pont du Coudray-Trois Monts-Hamars 2011<\/a><\/p>\n<p><a href=\"https:\/\/usomcyclo.fr\/wp-content\/uploads\/2016\/01\/C9-La-Campagne-de-Caen-et-de-Falaise-2011.pdf\">C9 La Campagne de Caen et de Falaise 2011<\/a><\/p>\n<p><a href=\"https:\/\/usomcyclo.fr\/wp-content\/uploads\/2018\/05\/C10-Butte-Du-Moulin-A-Vent.pdf\">C10 Butte Du Moulin A Vent<\/a><\/p>\n<p><a href=\"https:\/\/usomcyclo.fr\/wp-content\/uploads\/2019\/04\/USOM-C11-NEW.pdf\">USOM C11 NEW<\/a><\/p>\n<p><a href=\"https:\/\/usomcyclo.fr\/wp-content\/uploads\/2019\/04\/USOM-C12-NEW.pdf\">USOM C12 NEW<\/a><\/p>\n<p><a href=\"https:\/\/usomcyclo.fr\/wp-content\/uploads\/2019\/04\/USOM-C13-NEW.pdf\">USOM C13 NEW<\/a><\/p>\n<p><a href=\"https:\/\/usomcyclo.fr\/wp-content\/uploads\/2019\/04\/USOM-C14-NEW.pdf\">USOM C14 NEW<\/a><\/p>\n<p><a href=\"https:\/\/usomcyclo.fr\/wp-content\/uploads\/2019\/04\/USOM-C15-NEW.pdf\">USOM C15 NEW<\/a><\/p>\n<p><span style=\"font-family: georgia,palatino,serif; font-size: 14pt;\">PARCOURS D <span style=\"font-size: 10pt;\">pdf<\/span><\/span><\/p>\n<p><a href=\"https:\/\/usomcyclo.fr\/wp-content\/uploads\/2016\/01\/D1-Les-Forges-par-St-Aubin-Lebizay-Dives-2011.pdf\">D1 Les Forges par St Aubin Lebizay Dives 2011<\/a><\/p>\n<p><a href=\"https:\/\/usomcyclo.fr\/wp-content\/uploads\/2016\/01\/D2-La-Ran\u00e7onni\u00e8re-2011.pdf\">D2 La Ran\u00e7onni\u00e8re 2011<\/a><\/p>\n<p><a href=\"https:\/\/usomcyclo.fr\/wp-content\/uploads\/2016\/01\/D3-Le-Pays-dAuge-par-Heuland-et-Cresseveuille-2011.pdf\">D3 Le Pays d&rsquo;Auge par Heuland et Cresseveuille 2011<\/a><\/p>\n<p><a href=\"https:\/\/usomcyclo.fr\/wp-content\/uploads\/2016\/01\/D4-La-C\u00f4te-Fleurie-par-la-Corniche-dHoulgate-2011.pdf\">D4 La C\u00f4te Fleurie par la Corniche d&rsquo;Houlgate 2011<\/a><\/p>\n<p><a href=\"https:\/\/usomcyclo.fr\/wp-content\/uploads\/2016\/01\/D5-Sarlabot-par-Houlgate-et-les-Forges-par-St-Jouin-2011.pdf\">D5 Sarlabot par Houlgate et les Forges par St Jouin 2011<\/a><\/p>\n<p><a href=\"https:\/\/usomcyclo.fr\/wp-content\/uploads\/2016\/01\/D6-Cambremer-et-la-route-des-Diligences-2011.pdf\">D6 Cambremer et la route des Diligences 2011<\/a><\/p>\n<p><a href=\"https:\/\/usomcyclo.fr\/wp-content\/uploads\/2016\/01\/D7-Caen-Bayeux-aller-et-retour-2011.pdf\">D7 Caen Bayeux aller et retour 2011<\/a><\/p>\n<p><a href=\"https:\/\/usomcyclo.fr\/wp-content\/uploads\/2017\/05\/D8-BRETTEVILLE-PARFOURU-CHEUX-2017.pdf\">D8 BRETTEVILLE &#8211; PARFOURU &#8211; CHEUX 2017<\/a><\/p>\n<p><a href=\"https:\/\/usomcyclo.fr\/wp-content\/uploads\/2017\/01\/D30-LE-CHATEAU-DE-VICTOT-2017.pdf\">D30 LE CHATEAU DE VICTOT 2017<\/a><\/p>\n<p><a href=\"https:\/\/usomcyclo.fr\/wp-content\/uploads\/2017\/01\/D40-LE-CHATEAU-DE-VICTOT-par-GRANGUES-2017.pdf\">D40 LE CHATEAU DE VICTOT par GRANGUES 2017<\/a><\/p>\n<p><a href=\"https:\/\/usomcyclo.fr\/wp-content\/uploads\/2017\/01\/D50-RUMESNIL-PAR-LA-MAISON-BLANCHE-2017.pdf\">D50 RUMESNIL PAR LA MAISON BLANCHE 2017<\/a><\/p>\n<p><a href=\"https:\/\/usomcyclo.fr\/wp-content\/uploads\/2018\/03\/D8-BRETTEVILLE-PARFOURU-CHEUX-2017.pdf\">D8 BRETTEVILLE &#8211; PARFOURU &#8211; CHEUX 2017<\/a><\/p>\n<p><a href=\"https:\/\/usomcyclo.fr\/wp-content\/uploads\/2018\/03\/D9-Grainville-sur-odon-Tilly-Verson.pdf\">D9 Grainville sur odon Tilly Verson<\/a><\/p>\n<p><span style=\"font-family: georgia,palatino,serif; font-size: 14pt;\">PARCOURS F<span style=\"font-size: 10pt;\"> pdf<\/span><\/span><\/p>\n<p><a href=\"https:\/\/usomcyclo.fr\/wp-content\/uploads\/2016\/01\/F1-PARFOURU-2016.pdf\">F1 PARFOURU 2016<\/a><\/p>\n<p><a href=\"https:\/\/usomcyclo.fr\/wp-content\/uploads\/2016\/01\/F2-CAMBREMER-2016.pdf\">F2 CAMBREMER 2016<\/a><\/p>\n<p><a href=\"https:\/\/usomcyclo.fr\/wp-content\/uploads\/2016\/01\/F3-ESNES-2016.pdf\">F3 ESNES 2016<\/a><\/p>\n<p><a href=\"https:\/\/usomcyclo.fr\/wp-content\/uploads\/2016\/01\/F4-LA-SEULLES-EN-BESSIN-2016.pdf\">F4 LA SEULLES EN BESSIN 2016<\/a><\/p>\n<p><a href=\"https:\/\/usomcyclo.fr\/wp-content\/uploads\/2016\/01\/F5-GRIMPETTES-JUSQUA-VILLERS-BOCAGE-2016.pdf\">F5 GRIMPETTES JUSQU&rsquo;A VILLERS BOCAGE 2016<\/a><\/p>\n<p><a href=\"https:\/\/usomcyclo.fr\/wp-content\/uploads\/2016\/01\/F6-LE-PAYS-DE-BEAUMONT-EN-AUGE-2016.pdf\">F6 LE PAYS DE BEAUMONT EN AUGE 2016<\/a><\/p>\n<p><a href=\"https:\/\/usomcyclo.fr\/wp-content\/uploads\/2017\/01\/F-7-ST-JEAN-LE-BLANC-102KMS.pdf\">F 7 ST JEAN LE BLANC 102KMS<\/a><\/p>\n<p><span style=\"font-family: georgia,palatino,serif; font-size: 14pt;\"><a href=\"https:\/\/usomcyclo.fr\/wp-content\/uploads\/2018\/06\/F8-PONT-DOUILLY.pdf\">F8 PONT D&rsquo;OUILLY<\/a> <\/span><\/p>\n<p><span style=\"font-family: georgia,palatino,serif; font-size: 14pt;\">PARCOURS HIVER<\/span><\/p>\n<p><a href=\"https:\/\/usomcyclo.fr\/wp-content\/uploads\/2016\/12\/PARCOURS-HIVER_0001.pdf\">PARCOURS HIVER_0001<\/a><\/p>\n<p><a href=\"https:\/\/usomcyclo.fr\/wp-content\/uploads\/2016\/12\/PARCOURS-HIVER.pdf\">PARCOURS HIVER<\/a><\/p>\n<p><a href=\"https:\/\/usomcyclo.fr\/wp-content\/uploads\/2017\/09\/01-LE-LOCHEUR-2015-32KMS.pdf\">\u00a0\u00a0\u00a0\u00a0\u00a0\u00a0\u00a0\u00a0\u00a0\u00a0\u00a0\u00a0\u00a0\u00a0\u00a0\u00a0\u00a0\u00a0\u00a0\u00a0\u00a0\u00a0\u00a0\u00a0\u00a0\u00a0\u00a0\u00a0\u00a0\u00a0\u00a0\u00a0\u00a0\u00a0\u00a0\u00a0\u00a0\u00a0\u00a0\u00a0\u00a0\u00a0\u00a0\u00a0\u00a0\u00a0\u00a0\u00a0\u00a0\u00a0\u00a0\u00a0\u00a0<\/a><\/p>\n<p><a href=\"https:\/\/usomcyclo.fr\/wp-content\/uploads\/2017\/09\/13-MONDEVILLE-ET-AGGLO-25kms-DN-203.pdf\">\u00a0\u00a0\u00a0\u00a0\u00a0\u00a0\u00a0\u00a0\u00a0\u00a0\u00a0\u00a0\u00a0\u00a0\u00a0\u00a0\u00a0\u00a0\u00a0\u00a0\u00a0\u00a0\u00a0\u00a0\u00a0\u00a0\u00a0\u00a0\u00a0\u00a0\u00a0\u00a0\u00a0\u00a0\u00a0\u00a0\u00a0\u00a0\u00a0\u00a0\u00a0\u00a0\u00a0\u00a0\u00a0\u00a0\u00a0\u00a0\u00a0\u00a0\u00a0\u00a0\u00a0\u00a0\u00a0\u00a0\u00a0\u00a0\u00a0\u00a0\u00a0\u00a0 <\/a><\/p>\n<p><a href=\"https:\/\/usomcyclo.fr\/wp-content\/uploads\/2017\/09\/25-MONDEVILLE-DECATHLON-2015.pdf\">\u00a0\u00a0\u00a0\u00a0\u00a0\u00a0\u00a0\u00a0\u00a0\u00a0\u00a0\u00a0\u00a0\u00a0\u00a0\u00a0\u00a0\u00a0\u00a0\u00a0\u00a0\u00a0\u00a0\u00a0\u00a0\u00a0\u00a0\u00a0\u00a0\u00a0\u00a0\u00a0\u00a0\u00a0\u00a0\u00a0\u00a0\u00a0\u00a0\u00a0\u00a0\u00a0\u00a0\u00a0\u00a0\u00a0\u00a0\u00a0<\/a><\/p>\n<p><a href=\"https:\/\/usomcyclo.fr\/wp-content\/uploads\/2017\/09\/31A-FEUGUEROLLES-2016.pdf\">\u00a0\u00a0\u00a0\u00a0\u00a0\u00a0\u00a0\u00a0\u00a0\u00a0\u00a0\u00a0\u00a0\u00a0\u00a0\u00a0\u00a0\u00a0\u00a0\u00a0\u00a0\u00a0\u00a0\u00a0\u00a0\u00a0\u00a0\u00a0\u00a0\u00a0\u00a0\u00a0\u00a0\u00a0\u00a0\u00a0\u00a0\u00a0\u00a0\u00a0\u00a0\u00a0\u00a0\u00a0\u00a0\u00a0\u00a0\u00a0\u00a0\u00a0\u00a0\u00a0\u00a0\u00a0\u00a0\u00a0\u00a0\u00a0\u00a0\u00a0\u00a0<\/a><\/p>\n<p style=\"text-align: left;\"><a href=\"https:\/\/usomcyclo.fr\/wp-content\/uploads\/2017\/09\/34-CAIRON-\u00e0-BERNIERES.pdf\">\u00a0\u00a0\u00a0\u00a0\u00a0\u00a0\u00a0\u00a0\u00a0\u00a0\u00a0\u00a0\u00a0\u00a0\u00a0\u00a0\u00a0\u00a0\u00a0\u00a0\u00a0\u00a0\u00a0\u00a0\u00a0\u00a0\u00a0\u00a0\u00a0\u00a0\u00a0\u00a0\u00a0\u00a0\u00a0\u00a0\u00a0\u00a0\u00a0\u00a0\u00a0\u00a0\u00a0\u00a0\u00a0\u00a0\u00a0\u00a0\u00a0\u00a0\u00a0\u00a0\u00a0\u00a0\u00a0\u00a0\u00a0\u00a0\u00a0\u00a0\u00a0\u00a0\u00a0<\/a><\/p>\n\n","protected":false},"excerpt":{"rendered":"<p>PARCOURS A pdf A1 Les For\u00eats Grimb.&amp;Cinglais 2011 A2 La Vall\u00e9e de la Mue &amp; le Bessin 2011 A3 La C\u00f4te de Nacre 2011 A4 Les 2 boucles vers Bois Halbout 2011 A5 Entre l&rsquo;Orne &amp; l&rsquo; Odon 2011 A6 La Vierge Noire et le Bessin 2011 A7 De Garcelles \u00e0 la Baie de l&rsquo;Orne &hellip; <\/p>\n<p><a class=\"more-link btn\" href=\"https:\/\/usomcyclo.fr\/index.php\/parcours\/\">Lire la suite<\/a><\/p>\n","protected":false},"author":2,"featured_media":0,"parent":0,"menu_order":0,"comment_status":"closed","ping_status":"closed","template":"","meta":{"footnotes":""},"class_list":["post-10","page","type-page","status-publish","hentry","nodate","item-wrap"],"_links":{"self":[{"href":"https:\/\/usomcyclo.fr\/index.php\/wp-json\/wp\/v2\/pages\/10","targetHints":{"allow":["GET"]}}],"collection":[{"href":"https:\/\/usomcyclo.fr\/index.php\/wp-json\/wp\/v2\/pages"}],"about":[{"href":"https:\/\/usomcyclo.fr\/index.php\/wp-json\/wp\/v2\/types\/page"}],"author":[{"embeddable":true,"href":"https:\/\/usomcyclo.fr\/index.php\/wp-json\/wp\/v2\/users\/2"}],"replies":[{"embeddable":true,"href":"https:\/\/usomcyclo.fr\/index.php\/wp-json\/wp\/v2\/comments?post=10"}],"version-history":[{"count":79,"href":"https:\/\/usomcyclo.fr\/index.php\/wp-json\/wp\/v2\/pages\/10\/revisions"}],"predecessor-version":[{"id":5918,"href":"https:\/\/usomcyclo.fr\/index.php\/wp-json\/wp\/v2\/pages\/10\/revisions\/5918"}],"wp:attachment":[{"href":"https:\/\/usomcyclo.fr\/index.php\/wp-json\/wp\/v2\/media?parent=10"}],"curies":[{"name":"wp","href":"https:\/\/api.w.org\/{rel}","templated":true}]}}